{"id":993,"date":"2024-07-12T09:49:30","date_gmt":"2024-07-12T07:49:30","guid":{"rendered":"https:\/\/strossmayer1.com\/?page_id=993"},"modified":"2025-06-18T10:41:50","modified_gmt":"2025-06-18T08:41:50","slug":"o-nev","status":"publish","type":"page","link":"https:\/\/strossmayer1.com\/hu\/o-nev\/","title":{"rendered":"\u00d3 n\u00e9v"},"content":{"rendered":"<div id=\"cs-content\" class=\"cs-content\"><\/div>\n","protected":false},"excerpt":{"rendered":"<p>\u00d3 n\u00e9v Pansion Strossmayer No1 A j\u00f3l ismert Strossmayer pizz\u00e9ria mellett tal\u00e1lhat\u00f3 a Strossmayerova utc\u00e1ban, mind\u00f6ssze 20 perces s\u00e9t\u00e1ra a v\u00e1ros f\u0151ter\u00e9t\u0151l. A l\u00e9tes\u00edtm\u00e9ny kapacit\u00e1sa 34 f\u00e9r\u0151hely. Ingyenes parkol\u00e1si lehet\u0151s\u00e9g van a panzi\u00f3n bel\u00fcl. A panzi\u00f3 l\u00e9gkondicion\u00e1lt sz\u00e1ll\u00e1sokat k\u00edn\u00e1l \u00edr\u00f3asztallal, sz\u00e9ffel, s\u00edkk\u00e9perny\u0151s TV-vel, terasszal \u00e9s saj\u00e1t, zuhanyz\u00f3s f\u00fcrd\u0151szob\u00e1val. Az egys\u00e9gekhez gardr\u00f3b tartozik. A panzi\u00f3 minden egys\u00e9g\u00e9hez \u00e1gynem\u0171 \u00e9s t\u00f6r\u00f6lk\u00f6z\u0151 tartozik. &#8230; <\/p>\n<div><a href=\"https:\/\/strossmayer1.com\/hu\/o-nev\/\" class=\"more-link\">Read More<\/a><\/div>\n","protected":false},"author":1,"featured_media":0,"parent":0,"menu_order":0,"comment_status":"closed","ping_status":"closed","template":"template-blank-4.php","meta":{"_acf_changed":false,"footnotes":""},"class_list":["post-993","page","type-page","status-publish","hentry","no-post-thumbnail"],"acf":[],"_links":{"self":[{"href":"https:\/\/strossmayer1.com\/hu\/wp-json\/wp\/v2\/pages\/993","targetHints":{"allow":["GET"]}}],"collection":[{"href":"https:\/\/strossmayer1.com\/hu\/wp-json\/wp\/v2\/pages"}],"about":[{"href":"https:\/\/strossmayer1.com\/hu\/wp-json\/wp\/v2\/types\/page"}],"author":[{"embeddable":true,"href":"https:\/\/strossmayer1.com\/hu\/wp-json\/wp\/v2\/users\/1"}],"replies":[{"embeddable":true,"href":"https:\/\/strossmayer1.com\/hu\/wp-json\/wp\/v2\/comments?post=993"}],"version-history":[{"count":6,"href":"https:\/\/strossmayer1.com\/hu\/wp-json\/wp\/v2\/pages\/993\/revisions"}],"predecessor-version":[{"id":1474,"href":"https:\/\/strossmayer1.com\/hu\/wp-json\/wp\/v2\/pages\/993\/revisions\/1474"}],"wp:attachment":[{"href":"https:\/\/strossmayer1.com\/hu\/wp-json\/wp\/v2\/media?parent=993"}],"curies":[{"name":"wp","href":"https:\/\/api.w.org\/{rel}","templated":true}]}}