{"id":984,"date":"2024-06-07T08:29:19","date_gmt":"2024-06-07T06:29:19","guid":{"rendered":"https:\/\/strossmayer1.com\/?page_id=984"},"modified":"2026-04-13T12:38:21","modified_gmt":"2026-04-13T10:38:21","slug":"menu","status":"publish","type":"page","link":"https:\/\/strossmayer1.com\/hu\/menu\/","title":{"rendered":"Men\u00fc"},"content":{"rendered":"<div id=\"cs-content\" class=\"cs-content\"><\/div>\n","protected":false},"excerpt":{"rendered":"<p>Men\u00fc Sendvi\u010d &#8211; \u0161truca Olasz szendvics *1, 3, 7, 8, 9, 10, 11 Mozzarella, h\u00e1ztart\u00e1si prosciutto, z\u00f6lds\u00e9gek, pesto, z\u00f6ldsal\u00e1ta9,50 \u20ac Grill csirke szendvics *1, 7*1, 3, 7, 10, 11 Z\u00f6lds\u00e9gek, grillezett csirkemell, sajt, z\u00f6ldsal\u00e1ta9,50 \u20ac Szlavon szendvics *1, 3, 7, 10, 11 Sonka, sajt, h\u00e1ztart\u00e1si kulen, z\u00f6lds\u00e9gek, z\u00f6ld sal\u00e1ta9,50 \u20ac Tonhal szendvics *1, 3, 4, 7, 11 Tonhal, friss z\u00f6lds\u00e9gek, &#8230; <\/p>\n<div><a href=\"https:\/\/strossmayer1.com\/hu\/menu\/\" class=\"more-link\">Read More<\/a><\/div>\n","protected":false},"author":1,"featured_media":0,"parent":0,"menu_order":0,"comment_status":"closed","ping_status":"closed","template":"template-blank-4.php","meta":{"_acf_changed":false,"footnotes":""},"class_list":["post-984","page","type-page","status-publish","hentry","no-post-thumbnail"],"acf":[],"_links":{"self":[{"href":"https:\/\/strossmayer1.com\/hu\/wp-json\/wp\/v2\/pages\/984","targetHints":{"allow":["GET"]}}],"collection":[{"href":"https:\/\/strossmayer1.com\/hu\/wp-json\/wp\/v2\/pages"}],"about":[{"href":"https:\/\/strossmayer1.com\/hu\/wp-json\/wp\/v2\/types\/page"}],"author":[{"embeddable":true,"href":"https:\/\/strossmayer1.com\/hu\/wp-json\/wp\/v2\/users\/1"}],"replies":[{"embeddable":true,"href":"https:\/\/strossmayer1.com\/hu\/wp-json\/wp\/v2\/comments?post=984"}],"version-history":[{"count":8,"href":"https:\/\/strossmayer1.com\/hu\/wp-json\/wp\/v2\/pages\/984\/revisions"}],"predecessor-version":[{"id":2453,"href":"https:\/\/strossmayer1.com\/hu\/wp-json\/wp\/v2\/pages\/984\/revisions\/2453"}],"wp:attachment":[{"href":"https:\/\/strossmayer1.com\/hu\/wp-json\/wp\/v2\/media?parent=984"}],"curies":[{"name":"wp","href":"https:\/\/api.w.org\/{rel}","templated":true}]}}