{"id":872,"date":"2024-06-06T15:42:03","date_gmt":"2024-06-06T13:42:03","guid":{"rendered":"https:\/\/strossmayer1.com\/?page_id=872"},"modified":"2024-08-01T15:12:19","modified_gmt":"2024-08-01T13:12:19","slug":"adatvedelmi-iranyelvek","status":"publish","type":"page","link":"https:\/\/strossmayer1.com\/hu\/adatvedelmi-iranyelvek\/","title":{"rendered":"Adatv\u00e9delmi ir\u00e1nyelvek"},"content":{"rendered":"<div id=\"cs-content\" class=\"cs-content\"><\/div>\n","protected":false},"excerpt":{"rendered":"<p>Adatv\u00e9delmi ir\u00e1nyelvek L\u00e1togat\u00f3ink mag\u00e1n\u00e9let\u00e9nek v\u00e9delme az egyik priorit\u00e1sunk. Ez\u00e9rt felk\u00e9rj\u00fck \u00d6nt, hogy tekintse \u00e1t az al\u00e1bbi adatv\u00e9delmi felt\u00e9teleket. Milyen adatokat gy\u0171jtenek? Adatok b\u00f6ng\u00e9sz\u00e9se A haszn\u00e1lat sor\u00e1n az inform\u00e1ci\u00f3s kommunik\u00e1ci\u00f3s rendszerek \u00e9s a weboldal kezel\u00e9s\u00e9re szolg\u00e1l\u00f3 szoftverelj\u00e1r\u00e1sok \u00e1tvesznek n\u00e9h\u00e1ny szem\u00e9lyes adatot, amelyek tov\u00e1bb\u00edt\u00e1sa az internetes kommunik\u00e1ci\u00f3s protokollok haszn\u00e1lat\u00e1nak alapja. Olyan adatokr\u00f3l van sz\u00f3, amelyek nem konkr\u00e9t szem\u00e9lyekhez kapcsol\u00f3dnak, de term\u00e9szet\u00fckn\u00e9l fogva &#8230; <\/p>\n<div><a href=\"https:\/\/strossmayer1.com\/hu\/adatvedelmi-iranyelvek\/\" class=\"more-link\">Read More<\/a><\/div>\n","protected":false},"author":1,"featured_media":0,"parent":0,"menu_order":0,"comment_status":"closed","ping_status":"closed","template":"template-blank-4.php","meta":{"_acf_changed":false,"footnotes":""},"class_list":["post-872","page","type-page","status-publish","hentry","no-post-thumbnail"],"acf":[],"_links":{"self":[{"href":"https:\/\/strossmayer1.com\/hu\/wp-json\/wp\/v2\/pages\/872","targetHints":{"allow":["GET"]}}],"collection":[{"href":"https:\/\/strossmayer1.com\/hu\/wp-json\/wp\/v2\/pages"}],"about":[{"href":"https:\/\/strossmayer1.com\/hu\/wp-json\/wp\/v2\/types\/page"}],"author":[{"embeddable":true,"href":"https:\/\/strossmayer1.com\/hu\/wp-json\/wp\/v2\/users\/1"}],"replies":[{"embeddable":true,"href":"https:\/\/strossmayer1.com\/hu\/wp-json\/wp\/v2\/comments?post=872"}],"version-history":[{"count":5,"href":"https:\/\/strossmayer1.com\/hu\/wp-json\/wp\/v2\/pages\/872\/revisions"}],"predecessor-version":[{"id":880,"href":"https:\/\/strossmayer1.com\/hu\/wp-json\/wp\/v2\/pages\/872\/revisions\/880"}],"wp:attachment":[{"href":"https:\/\/strossmayer1.com\/hu\/wp-json\/wp\/v2\/media?parent=872"}],"curies":[{"name":"wp","href":"https:\/\/api.w.org\/{rel}","templated":true}]}}