{"id":866,"date":"2024-06-07T08:29:29","date_gmt":"2024-06-07T06:29:29","guid":{"rendered":"https:\/\/strossmayer1.com\/?page_id=866"},"modified":"2025-08-26T13:52:08","modified_gmt":"2025-08-26T11:52:08","slug":"keptar","status":"publish","type":"page","link":"https:\/\/strossmayer1.com\/hu\/keptar\/","title":{"rendered":"K\u00e9pt\u00e1r"},"content":{"rendered":"<div id=\"cs-content\" class=\"cs-content\"><\/div>\n","protected":false},"excerpt":{"rendered":"<p>K\u00e9pt\u00e1r Sz\u00e1ll\u00e1s \u00c9tterem<\/p>\n","protected":false},"author":1,"featured_media":0,"parent":0,"menu_order":0,"comment_status":"closed","ping_status":"closed","template":"template-blank-4.php","meta":{"_acf_changed":false,"footnotes":""},"class_list":["post-866","page","type-page","status-publish","hentry","no-post-thumbnail"],"acf":[],"_links":{"self":[{"href":"https:\/\/strossmayer1.com\/hu\/wp-json\/wp\/v2\/pages\/866","targetHints":{"allow":["GET"]}}],"collection":[{"href":"https:\/\/strossmayer1.com\/hu\/wp-json\/wp\/v2\/pages"}],"about":[{"href":"https:\/\/strossmayer1.com\/hu\/wp-json\/wp\/v2\/types\/page"}],"author":[{"embeddable":true,"href":"https:\/\/strossmayer1.com\/hu\/wp-json\/wp\/v2\/users\/1"}],"replies":[{"embeddable":true,"href":"https:\/\/strossmayer1.com\/hu\/wp-json\/wp\/v2\/comments?post=866"}],"version-history":[{"count":10,"href":"https:\/\/strossmayer1.com\/hu\/wp-json\/wp\/v2\/pages\/866\/revisions"}],"predecessor-version":[{"id":1821,"href":"https:\/\/strossmayer1.com\/hu\/wp-json\/wp\/v2\/pages\/866\/revisions\/1821"}],"wp:attachment":[{"href":"https:\/\/strossmayer1.com\/hu\/wp-json\/wp\/v2\/media?parent=866"}],"curies":[{"name":"wp","href":"https:\/\/api.w.org\/{rel}","templated":true}]}}