{"id":170,"date":"2024-06-07T08:29:05","date_gmt":"2024-06-07T06:29:05","guid":{"rendered":"https:\/\/strossmayer1.com\/?page_id=170"},"modified":"2025-12-02T09:25:07","modified_gmt":"2025-12-02T08:25:07","slug":"kezdolap","status":"publish","type":"page","link":"https:\/\/strossmayer1.com\/hu\/","title":{"rendered":"Naslovna"},"content":{"rendered":"<div id=\"cs-content\" class=\"cs-content\"><\/div>\n","protected":false},"excerpt":{"rendered":"<p>Pansion Megrendel\u00e9sek \u00e9s sz\u00e1ll\u00edt\u00e1s 031 375 888 Foglaljon sz\u00e1ll\u00e1stGal\u00e9ria sz\u00e1ll\u00e1s Gal\u00e9ria \u00e9tterem \u00d3 n\u00e9v Sz\u00e1ll\u00e1st keres Esz\u00e9ken? Akkor gondoljon a &#8222;Kod Ru\u017ee&#8221; vend\u00e9gh\u00e1zra, egy modern \u00e9s eleg\u00e1ns, \u00fajonnan fel\u00faj\u00edtott t\u00e9rre, amely a t\u00e9r meleg\u00e9t \u00e9s az emberek kedvess\u00e9g\u00e9t \u00e1rasztja, akiknek az a feladata, hogy kellemess\u00e9 \u00e9s sz\u00e9pp\u00e9 tegy\u00e9k tart\u00f3zkod\u00e1s\u00e1t. A panzi\u00f3 a sz\u00e1ll\u00e1son k\u00edv\u00fcl a 20 \u00e9ve m\u0171k\u00f6d\u0151, az esz\u00e9kiek &#8230; <\/p>\n<div><a href=\"https:\/\/strossmayer1.com\/hu\/\" class=\"more-link\">Read More<\/a><\/div>\n","protected":false},"author":1,"featured_media":0,"parent":0,"menu_order":0,"comment_status":"closed","ping_status":"closed","template":"template-blank-4.php","meta":{"_acf_changed":false,"footnotes":""},"class_list":["post-170","page","type-page","status-publish","hentry","no-post-thumbnail"],"acf":[],"_links":{"self":[{"href":"https:\/\/strossmayer1.com\/hu\/wp-json\/wp\/v2\/pages\/170","targetHints":{"allow":["GET"]}}],"collection":[{"href":"https:\/\/strossmayer1.com\/hu\/wp-json\/wp\/v2\/pages"}],"about":[{"href":"https:\/\/strossmayer1.com\/hu\/wp-json\/wp\/v2\/types\/page"}],"author":[{"embeddable":true,"href":"https:\/\/strossmayer1.com\/hu\/wp-json\/wp\/v2\/users\/1"}],"replies":[{"embeddable":true,"href":"https:\/\/strossmayer1.com\/hu\/wp-json\/wp\/v2\/comments?post=170"}],"version-history":[{"count":10,"href":"https:\/\/strossmayer1.com\/hu\/wp-json\/wp\/v2\/pages\/170\/revisions"}],"predecessor-version":[{"id":1805,"href":"https:\/\/strossmayer1.com\/hu\/wp-json\/wp\/v2\/pages\/170\/revisions\/1805"}],"wp:attachment":[{"href":"https:\/\/strossmayer1.com\/hu\/wp-json\/wp\/v2\/media?parent=170"}],"curies":[{"name":"wp","href":"https:\/\/api.w.org\/{rel}","templated":true}]}}